{"id":4481,"date":"2025-11-06T09:04:32","date_gmt":"2025-11-06T08:04:32","guid":{"rendered":"https:\/\/cliniqueagape.bi\/?page_id=4481"},"modified":"2025-11-06T09:04:35","modified_gmt":"2025-11-06T08:04:35","slug":"presentation-de-la-clinique-agape","status":"publish","type":"page","link":"https:\/\/cliniqueagape.bi\/?page_id=4481","title":{"rendered":"Pr\u00e9sentation de la Clinique AGAPE"},"content":{"rendered":"\n<div data-wp-interactive=\"core\/file\" class=\"wp-block-file\"><object data-wp-bind--hidden=\"!state.hasPdfPreview\" hidden class=\"wp-block-file__embed\" data=\"https:\/\/cliniqueagape.bi\/wp-content\/uploads\/2025\/11\/Presentation-de-la-Clinique-AGAPE.pdf\" type=\"application\/pdf\" style=\"width:100%;height:600px\" aria-label=\"Contenu embarqu\u00e9 Pr\u00e9sentation de la Clinique AGAPE.\"><\/object><a id=\"wp-block-file--media-76864230-7c01-4840-a7bb-ac9951913c32\" href=\"https:\/\/cliniqueagape.bi\/wp-content\/uploads\/2025\/11\/Presentation-de-la-Clinique-AGAPE.pdf\">Pr\u00e9sentation de la Clinique AGAPE<\/a><a href=\"https:\/\/cliniqueagape.bi\/wp-content\/uploads\/2025\/11\/Presentation-de-la-Clinique-AGAPE.pdf\" class=\"wp-block-file__button wp-element-button\" download aria-describedby=\"wp-block-file--media-76864230-7c01-4840-a7bb-ac9951913c32\">T\u00e9l\u00e9charger<\/a><\/div>\n","protected":false},"excerpt":{"rendered":"Pr\u00e9sentation de la Clinique AGAPET\u00e9l\u00e9charger","protected":false},"author":1,"featured_media":0,"parent":0,"menu_order":0,"comment_status":"closed","ping_status":"closed","template":"","meta":{"footnotes":""},"class_list":["post-4481","page","type-page","status-publish","hentry"],"_links":{"self":[{"href":"https:\/\/cliniqueagape.bi\/index.php?rest_route=\/wp\/v2\/pages\/4481","targetHints":{"allow":["GET"]}}],"collection":[{"href":"https:\/\/cliniqueagape.bi\/index.php?rest_route=\/wp\/v2\/pages"}],"about":[{"href":"https:\/\/cliniqueagape.bi\/index.php?rest_route=\/wp\/v2\/types\/page"}],"author":[{"embeddable":true,"href":"https:\/\/cliniqueagape.bi\/index.php?rest_route=\/wp\/v2\/users\/1"}],"replies":[{"embeddable":true,"href":"https:\/\/cliniqueagape.bi\/index.php?rest_route=%2Fwp%2Fv2%2Fcomments&post=4481"}],"version-history":[{"count":1,"href":"https:\/\/cliniqueagape.bi\/index.php?rest_route=\/wp\/v2\/pages\/4481\/revisions"}],"predecessor-version":[{"id":4483,"href":"https:\/\/cliniqueagape.bi\/index.php?rest_route=\/wp\/v2\/pages\/4481\/revisions\/4483"}],"wp:attachment":[{"href":"https:\/\/cliniqueagape.bi\/index.php?rest_route=%2Fwp%2Fv2%2Fmedia&parent=4481"}],"curies":[{"name":"wp","href":"https:\/\/api.w.org\/{rel}","templated":true}]}}