{"id":3817,"date":"2018-10-25T12:40:12","date_gmt":"2018-10-25T12:40:12","guid":{"rendered":"http:\/\/quanticalabs.com\/wptest\/medicenter-new\/?page_id=3817"},"modified":"2025-11-11T08:16:24","modified_gmt":"2025-11-11T07:16:24","slug":"contact-style-2","status":"publish","type":"page","link":"https:\/\/cliniqueagape.bi\/?page_id=3817","title":{"rendered":"Contact"},"content":{"rendered":"<div class=\"wpb-content-wrapper\"><p>[vc_row top_margin=\u00a0\u00bbpage-margin-top-section\u00a0\u00bb][vc_column width=\u00a0\u00bb1\/3&Prime;]<h2 class=\"box-header large no-border\">Clinique Agape<\/h2>[vc_column_text css=\u00a0\u00bb\u00a0\u00bb el_class=\u00a0\u00bblarge margin-top-10&Prime;]53RJ+MHX, Rugombo[\/vc_column_text][\/vc_column][vc_column width=\u00a0\u00bb1\/3&Prime;]<ul class=\"clearfix mc-features mc-features-small mc-features-style-default\"><li class=\"item-content clearfix\">\r\n\t\t\t\t<span class=\"hexagon small animated-element animation-scale\"  title=\"Address\"><span class=\"features-location\"><\/span><\/span><div class=\"text\"><h2><span   title=\"Address\">Address<\/span><\/h2><p>Commune Rugombo,<br \/>\nProvince Cibitoke, Burundi. <\/p>\n<\/div>\r\n\t\t\t<\/li><\/ul><ul class=\"clearfix mc-features mc-features-small mc-features-style-default page-margin-top\"><li class=\"item-content clearfix\">\r\n\t\t\t\t<span class=\"hexagon small animated-element animation-scale\"  title=\"Heures de travail\"><span class=\"features-clock\"><\/span><\/span><div class=\"text\"><h2><span   title=\"Heures de travail\">Heures de travail<\/span><\/h2><p>Lundi &#8211; Vendredi : 24h<br \/>\nSamedi-dimenche : 24h<\/p>\n<\/div>\r\n\t\t\t<\/li><\/ul>[\/vc_column][vc_column width=\u00a0\u00bb1\/3&Prime;]<ul class=\"clearfix mc-features mc-features-small mc-features-style-light\"><li class=\"item-content clearfix\">\r\n\t\t\t\t<span class=\"hexagon small animated-element animation-scale\"  title=\"Contact Details\"><span class=\"features-phone\"><\/span><\/span><div class=\"text\"><h2><span   title=\"Contact Details\">Contact Details<\/span><\/h2><p>T\u00e9l\u00e9phones : 79\u00a0997\u00a0483<\/p>\n<\/div>\r\n\t\t\t<\/li><\/ul><ul class=\"clearfix mc-features mc-features-small mc-features-style-light page-margin-top\"><li class=\"item-content clearfix\">\r\n\t\t\t\t<span class=\"hexagon small animated-element animation-scale\"  title=\"Emails\"><span class=\"features-email\"><\/span><\/span><div class=\"text\"><h2><span   title=\"Emails\">Emails<\/span><\/h2><p><a href='mailto:booking@medicenter.com'>agapedirection@gmail.com<\/a><\/p>\n<\/div>\r\n\t\t\t<\/li><\/ul>[\/vc_column][\/vc_row][vc_row top_margin=\u00a0\u00bbpage-margin-top\u00a0\u00bb el_position=\u00a0\u00bblast\u00a0\u00bb css=\u00a0\u00bb.vc_custom_1540298553080{border-top-width: 1px !important;border-top-color: #e5e5e5 !important;border-top-style: solid !important;}\u00a0\u00bb][vc_column][vc_column_text css=\u00a0\u00bb\u00a0\u00bb el_class=\u00a0\u00bblarge align-center page-margin-top\u00a0\u00bb]Soumettez vos informations ci-dessous et veuillez pr\u00e9voir <strong data-start=\"58\" data-end=\"83\">1 \u00e0 2 jours ouvrables<\/strong> pour une r\u00e9ponse.<br data-start=\"101\" data-end=\"104\" \/>Appelez le <span class=\"button-label\">79997483 <\/span>si vous faites face \u00e0 une <strong data-start=\"149\" data-end=\"171\" data-is-last-node=\"\">urgence m\u00e9dicale !<\/strong>[\/vc_column_text]<form class=\"contact-form \" id=\"contact_form\" method=\"post\" action=\"\"><div class=\"vc_row wpb_row vc_inner\">\n\t\t\t<fieldset class=\"vc_col-sm-6 wpb_column vc_column_container\"><label>NOM<\/label>\n\t\t\t\t<div class=\"block\">\n\t\t\t\t\t<input class=\"text_input\" name=\"first_name\" type=\"text\" value=\"\" tabindex=\"1\" data-required=\"1\">\n\t\t\t\t<\/div><label>NUMERO DE TELEPHONE (OPTIONEL)<\/label>\n\t\t\t\t<div class=\"block\">\n\t\t\t\t\t<input class=\"text_input\" name=\"phone_number\" type=\"text\" value=\"\" tabindex=\"5\">\n\t\t\t\t<\/div><\/fieldset>\n\t\t\t<fieldset class=\"vc_col-sm-6 wpb_column vc_column_container\"><label>PRENOM<\/label>\n\t\t\t\t<div class=\"block\">\n\t\t\t\t\t<input class=\"text_input\" name=\"last_name\" type=\"text\" value=\"\" tabindex=\"2\" data-required=\"1\">\n\t\t\t\t<\/div><label>E-MAIL<\/label>\n\t\t\t\t<div class=\"block\">\n\t\t\t\t\t<input class=\"text_input\" name=\"email\" type=\"text\" value=\"\" tabindex=\"6\" data-required=\"1\">\n\t\t\t\t<\/div><\/fieldset>\n\t\t<\/div><div class=\"vc_row wpb_row vc_inner\">\n\t\t\t<fieldset>\n\t\t\t\t<label>VOTRE MESSAGE<\/label>\n\t\t\t\t<div class=\"block\">\n\t\t\t\t\t<textarea name=\"message\" tabindex=\"7\" data-required=\"1\"><\/textarea>\n\t\t\t\t<\/div>\n\t\t\t<\/fieldset>\n\t\t<\/div><div class=\"vc_row wpb_row vc_inner submit-container margin-top-30\"><div class=\"vc_col-sm-6 wpb_column vc_column_container\">\n\t\t\t\t<p>Nous vous contacterons dans un d\u00e9lai d\u2019un jour ouvrable.<\/p>\n\t\t\t<\/div>\n\t\t\t<div class=\"vc_col-sm-6 wpb_column vc_column_container \"><input type=\"hidden\" name=\"action\" value=\"theme_contact_form\" \/>\n\t\t\t\t<input type=\"hidden\" name=\"id\" value=\"contact_form\" \/><div class=\"vc_row wpb_row vc_inner\">\n\t\t\t\t<input type=\"submit\" name=\"submit\" value=\"ENVOYER\" class=\"more mc-button\" \/>\n\t\t\t<\/div><\/div><\/div>\n\t<\/form>[\/vc_column][\/vc_row][vc_row][vc_column][vc_goo_maps location=\u00a0\u00bb53RJ+MHX, Rugombo\u00a0\u00bb height=\u00a0\u00bb400px\u00a0\u00bb css=\u00a0\u00bb\u00a0\u00bb][\/vc_column][\/vc_row]<\/p>\n<\/div>","protected":false},"excerpt":{"rendered":"<p>[vc_row top_margin=\u00a0\u00bbpage-margin-top-section\u00a0\u00bb][vc_column width=\u00a0\u00bb1\/3&Prime;][vc_column_text css=\u00a0\u00bb\u00a0\u00bb el_class=\u00a0\u00bblarge margin-top-10&Prime;]53RJ+MHX, Rugombo[\/vc_column_text][\/vc_column][vc_column width=\u00a0\u00bb1\/3&Prime;][\/vc_column][vc_column width=\u00a0\u00bb1\/3&Prime;][\/vc_column][\/vc_row][vc_row top_margin=\u00a0\u00bbpage-margin-top\u00a0\u00bb el_position=\u00a0\u00bblast\u00a0\u00bb css=\u00a0\u00bb.vc_custom_1540298553080{border-top-width: 1px !important;border-top-color: #e5e5e5 !important;border-top-style: solid !important;}\u00a0\u00bb][vc_column][vc_column_text css=\u00a0\u00bb\u00a0\u00bb el_class=\u00a0\u00bblarge align-center page-margin-top\u00a0\u00bb]Soumettez vos informations ci-dessous et veuillez pr\u00e9voir 1 \u00e0 2 jours ouvrables pour une r\u00e9ponse.Appelez le 79997483 si vous faites face \u00e0 une urgence m\u00e9dicale ![\/vc_column_text][\/vc_column][\/vc_row][vc_row][vc_column][vc_goo_maps location=\u00a0\u00bb53RJ+MHX, Rugombo\u00a0\u00bb height=\u00a0\u00bb400px\u00a0\u00bb css=\u00a0\u00bb\u00a0\u00bb][\/vc_column][\/vc_row]<\/p>\n","protected":false},"author":1,"featured_media":0,"parent":0,"menu_order":0,"comment_status":"closed","ping_status":"closed","template":"template-default-without-breadcrumbs.php","meta":{"footnotes":""},"class_list":["post-3817","page","type-page","status-publish","hentry"],"_links":{"self":[{"href":"https:\/\/cliniqueagape.bi\/index.php?rest_route=\/wp\/v2\/pages\/3817","targetHints":{"allow":["GET"]}}],"collection":[{"href":"https:\/\/cliniqueagape.bi\/index.php?rest_route=\/wp\/v2\/pages"}],"about":[{"href":"https:\/\/cliniqueagape.bi\/index.php?rest_route=\/wp\/v2\/types\/page"}],"author":[{"embeddable":true,"href":"https:\/\/cliniqueagape.bi\/index.php?rest_route=\/wp\/v2\/users\/1"}],"replies":[{"embeddable":true,"href":"https:\/\/cliniqueagape.bi\/index.php?rest_route=%2Fwp%2Fv2%2Fcomments&post=3817"}],"version-history":[{"count":7,"href":"https:\/\/cliniqueagape.bi\/index.php?rest_route=\/wp\/v2\/pages\/3817\/revisions"}],"predecessor-version":[{"id":4576,"href":"https:\/\/cliniqueagape.bi\/index.php?rest_route=\/wp\/v2\/pages\/3817\/revisions\/4576"}],"wp:attachment":[{"href":"https:\/\/cliniqueagape.bi\/index.php?rest_route=%2Fwp%2Fv2%2Fmedia&parent=3817"}],"curies":[{"name":"wp","href":"https:\/\/api.w.org\/{rel}","templated":true}]}}