{"id":3811,"date":"2018-10-25T12:36:29","date_gmt":"2018-10-25T12:36:29","guid":{"rendered":"http:\/\/quanticalabs.com\/wptest\/medicenter-new\/?page_id=3811"},"modified":"2025-11-16T07:36:16","modified_gmt":"2025-11-16T06:36:16","slug":"about","status":"publish","type":"page","link":"https:\/\/cliniqueagape.bi\/?page_id=3811","title":{"rendered":"A propos de nous"},"content":{"rendered":"<div class=\"wpb-content-wrapper\"><p>[vc_row top_margin=\u00a0\u00bbpage-margin-top-section\u00a0\u00bb][vc_column width=\u00a0\u00bb1\/2&Prime; el_class=\u00a0\u00bbpadding-right-30&Prime;][vc_video link=\u00a0\u00bbhttps:\/\/youtu.be\/76AI2lqlj9Y\u00a0\u00bb css=\u00a0\u00bb\u00a0\u00bb][\/vc_column][vc_column width=\u00a0\u00bb1\/2&Prime;]<h3 class=\"box-header\">A propos de la Clinique AGAPE<\/h3><h2 class=\"box-header large margin-top-30 no-border\">Pr\u00e9sentation de la Clinique AGAPE<\/h2>[vc_column_text css=\u00a0\u00bb\u00a0\u00bb el_class=\u00a0\u00bblarge margin-top-10&Prime;]La Clinique AGAPE de RUGOMBO est \u00e9tablie dans l&rsquo;ancienne Province de CIBITOKE (int\u00e9gr\u00e9e \u00e0 la nouvelle Province de Bujumbura), dont elle dessert une population de plus de <strong>244 778 habitants<\/strong>. Sa localisation strat\u00e9gique, presque \u00e0 la jonction du Rwanda, du Burundi et de la RDC, lui conf\u00e8re un r\u00f4le de prestataire de soins de sant\u00e9 pour la population de ces trois pays, bien qu&rsquo;elle serve majoritairement la population burundaise. La Clinique dispose de <strong>116 lits<\/strong>.<\/p>\n<p>Depuis <strong>janvier 2017<\/strong>, la Clinique AGAPE de RUGOMBO prend en charge une grande partie des <strong>malades vuln\u00e9rables\/indigents<\/strong>. Elle fait face \u00e0 des difficult\u00e9s pour maintenir ses activit\u00e9s de sant\u00e9 (d\u00e9marr\u00e9es en <strong>octobre 2016<\/strong>) dans un contexte de besoin imp\u00e9rieux en \u00e9quipements m\u00e9dicaux et non m\u00e9dicaux adapt\u00e9s et suffisants, ainsi qu&rsquo;en support financier.[\/vc_column_text][\/vc_column][\/vc_row][vc_row][vc_column][vc_empty_space][\/vc_column][\/vc_row][vc_row css=\u00a0\u00bb.vc_custom_1762262838288{background-color: #FFFFFF00 !important;border-radius: 1px !important;border-color: #DD3333 !important;}\u00a0\u00bb][vc_column][vc_separator css=\u00a0\u00bb\u00a0\u00bb][vc_column_text css=\u00a0\u00bb.vc_custom_1762264232553{border-radius: 1px !important;border-color: #DD9933 !important;}\u00a0\u00bb]<\/p>\n<h3><strong>Dans cette zone, la clinique dessert \u00e9galement un r\u00e9seau comprenant :<\/strong><\/h3>\n<ul>\n<li><strong>10<\/strong> centres de sant\u00e9 publics<\/li>\n<li><strong>5<\/strong> centres de sant\u00e9 priv\u00e9s<\/li>\n<li><strong>1<\/strong> cabinet m\u00e9dical<\/li>\n<li><strong>2<\/strong> autres cliniques priv\u00e9es environnantes.<\/li>\n<\/ul>\n<p>Afin d&rsquo;assurer et d&rsquo;am\u00e9liorer le syst\u00e8me de r\u00e9f\u00e9rence et de contre-r\u00e9f\u00e9rence des malades qu&rsquo;elle prend en charge, la Clinique de RUGOMBO dispose d&rsquo;une <strong>ambulance<\/strong> pour faciliter le transfert des patients n\u00e9cessitant des soins, que ce soit des centres de sant\u00e9 vers la Clinique AGAPE de RUGOMBO, ou de la Clinique vers les H\u00f4pitaux de r\u00e9f\u00e9rence Nationaux.<\/p>\n<h3><strong>Services Fonctionnels<\/strong><\/h3>\n<p>La clinique couvre actuellement un certain nombre de services fonctionnels, \u00e0 savoir :<\/p>\n<ul>\n<li>Accueil et triage<\/li>\n<li>Service des urgences<\/li>\n<li>P\u00e9diatrie<\/li>\n<li>M\u00e9decine Interne<\/li>\n<li>Chirurgie<\/li>\n<li>Gyn\u00e9co-Obst\u00e9trique<\/li>\n<li>Bloc op\u00e9ratoire<\/li>\n<li>Laboratoire<\/li>\n<li>Pharmacie<\/li>\n<li>Imagerie m\u00e9dicale (\u00c9chographie obst\u00e9tricale et abdominale).<\/li>\n<\/ul>\n<h3><strong>Services Non Op\u00e9rationnels<\/strong><\/h3>\n<p>Les services suivants ne sont pas encore op\u00e9rationnels :<\/p>\n<ul style=\"color: red; background-color: white;\">\n<li class=\"orange-text\">Radiologie (un appareil de radiologie est disponible, mais son installation et sa mise en fonction restent \u00e0 r\u00e9aliser).<\/li>\n<li class=\"orange-text\">N\u00e9onatologie<\/li>\n<li class=\"orange-text\">Stomatologie \/ Dentisterie<\/li>\n<li class=\"orange-text\">Ophtalmologie<\/li>\n<li class=\"orange-text\">Kin\u00e9sith\u00e9rapie<\/li>\n<li class=\"orange-text\">Service de Stabilisation Th\u00e9rapeutique (SST)<\/li>\n<li class=\"orange-text\">Sant\u00e9 mentale et Psychiatrie<\/li>\n<\/ul>\n<h3><strong>Ressources Humaines et Perspectives<\/strong><\/h3>\n<p>La Clinique d\u00e9ploie actuellement des efforts consid\u00e9rables pour am\u00e9liorer l&rsquo;offre de ses prestations de services, notamment gr\u00e2ce \u00e0 la mise \u00e0 disposition progressive d&rsquo;un <strong>personnel m\u00e9dical et non m\u00e9dical suffisant<\/strong> pour r\u00e9pondre aux attentes de la population. Ce personnel inclut notamment un m\u00e9decin chirurgien pr\u00e9sent le vendredi et un m\u00e9decin g\u00e9n\u00e9raliste \u00e0 comp\u00e9tence chirurgicale en permanence, en compl\u00e9ment des autres membres du personnel r\u00e9guli\u00e8rement recrut\u00e9s.<\/p>\n<p>Dans ses perspectives d&rsquo;avenir, la Clinique souhaite \u00e9voluer vers un <strong>partenariat<\/strong> avec d&rsquo;autres institutions hospitali\u00e8res nationales ou \u00e9trang\u00e8res. Ce partenariat viserait \u00e0 obtenir les \u00e9quipements manquants et adapt\u00e9s, ainsi qu&rsquo;un compl\u00e9ment de ressources humaines (vacanciers ou retrait\u00e9s) pour combler les besoins non satisfaits en termes de prestations et pour assurer la formation du personnel existant.<\/p>\n<p>Bien que les indicateurs principaux seront pr\u00e9sent\u00e9s lors de l&rsquo;alimentation du site web, le <strong>taux d&rsquo;occupation des lits s&rsquo;\u00e9l\u00e8ve \u00e0 73,6 %<\/strong> et la <strong>dur\u00e9e moyenne de s\u00e9jour est de 6 jours<\/strong>. Le <strong>taux de l\u00e9talit\u00e9<\/strong> quant \u00e0 lui est de <strong>0,8 %<\/strong>.[\/vc_column_text][\/vc_column][\/vc_row][vc_row top_margin=\u00a0\u00bbpage-margin-top-section\u00a0\u00bb][vc_column width=\u00a0\u00bb1\/2&Prime;]<div class=\"announcement clearfix vertical-align-table style-2\">\n\t\t\t\t\t<ul class=\"vertical-align\">\n\t\t\t\t\t\t<li class=\"vertical-align-cell\"><h2>En cas d\u2019urgence, appelez le 79997483<\/h2><p>Veuillez vous rappeler que nous prenons votre vie priv\u00e9e \u00e0 c\u0153ur.<\/p>\n<\/li><li class=\"vertical-align-cell\">\n\t\t\t\t\t\t<a title=\"ENVOYEZ-NOUS UN MESSAGE\" href=\"https:\/\/cliniqueagape.bi\/?page_id=3817\" class=\"more mc-button dark-color large template-arrow-horizontal-1-after\">ENVOYEZ-NOUS UN MESSAGE<\/a>\n\t\t\t\t\t<\/li><\/ul>\n\t\t\t<\/div>[\/vc_column][vc_column width=\u00a0\u00bb1\/2&Prime;]<div class=\"announcement clearfix vertical-align-table style-2 mc-background\" style=\"background-image: url(https:\/\/cliniqueagape.bi\/wp-content\/uploads\/2025\/10\/Capture-decran-2025-10-24-120934.png);\">\n\t\t\t\t\t<ul class=\"vertical-align\">\n\t\t\t\t\t\t<li class=\"vertical-align-cell\"><h2>Clinic Agape, 53RJ+MHX, Rugombo<\/h2><p>V\u00e9rifiez les heures de service des m\u00e9decins dans notre emploi du<\/p>\n<\/li><li class=\"vertical-align-cell\">\n\t\t\t\t\t\t<a title=\"ALLER AUX HORAIRES\" href=\"https:\/\/cliniqueagape.bi\/?page_id=971\" class=\"more mc-button light large template-arrow-horizontal-1-after\">ALLER AUX HORAIRES<\/a>\n\t\t\t\t\t<\/li><\/ul>\n\t\t\t<\/div>[\/vc_column][\/vc_row][vc_row][vc_column][vc_goo_maps location=\u00a0\u00bbClinic Agape, 53RJ+MHX, Rugombo\u00a0\u00bb css=\u00a0\u00bb\u00a0\u00bb][\/vc_column][\/vc_row]<\/p>\n<\/div>","protected":false},"excerpt":{"rendered":"<p>[vc_row top_margin=\u00a0\u00bbpage-margin-top-section\u00a0\u00bb][vc_column width=\u00a0\u00bb1\/2&Prime; el_class=\u00a0\u00bbpadding-right-30&Prime;][vc_video link=\u00a0\u00bbhttps:\/\/youtu.be\/76AI2lqlj9Y\u00a0\u00bb css=\u00a0\u00bb\u00a0\u00bb][\/vc_column][vc_column width=\u00a0\u00bb1\/2&Prime;][vc_column_text css=\u00a0\u00bb\u00a0\u00bb el_class=\u00a0\u00bblarge margin-top-10&Prime;]La Clinique AGAPE de RUGOMBO est \u00e9tablie dans l&rsquo;ancienne Province de CIBITOKE (int\u00e9gr\u00e9e \u00e0 la nouvelle Province de Bujumbura), dont elle dessert une population de plus de 244 778 habitants. Sa localisation strat\u00e9gique, presque \u00e0 la jonction du Rwanda, du Burundi et de la RDC, lui<\/p>\n","protected":false},"author":1,"featured_media":0,"parent":0,"menu_order":0,"comment_status":"closed","ping_status":"closed","template":"","meta":{"footnotes":""},"class_list":["post-3811","page","type-page","status-publish","hentry"],"_links":{"self":[{"href":"https:\/\/cliniqueagape.bi\/index.php?rest_route=\/wp\/v2\/pages\/3811","targetHints":{"allow":["GET"]}}],"collection":[{"href":"https:\/\/cliniqueagape.bi\/index.php?rest_route=\/wp\/v2\/pages"}],"about":[{"href":"https:\/\/cliniqueagape.bi\/index.php?rest_route=\/wp\/v2\/types\/page"}],"author":[{"embeddable":true,"href":"https:\/\/cliniqueagape.bi\/index.php?rest_route=\/wp\/v2\/users\/1"}],"replies":[{"embeddable":true,"href":"https:\/\/cliniqueagape.bi\/index.php?rest_route=%2Fwp%2Fv2%2Fcomments&post=3811"}],"version-history":[{"count":9,"href":"https:\/\/cliniqueagape.bi\/index.php?rest_route=\/wp\/v2\/pages\/3811\/revisions"}],"predecessor-version":[{"id":4586,"href":"https:\/\/cliniqueagape.bi\/index.php?rest_route=\/wp\/v2\/pages\/3811\/revisions\/4586"}],"wp:attachment":[{"href":"https:\/\/cliniqueagape.bi\/index.php?rest_route=%2Fwp%2Fv2%2Fmedia&parent=3811"}],"curies":[{"name":"wp","href":"https:\/\/api.w.org\/{rel}","templated":true}]}}